{"id":1625,"date":"2022-07-07T10:01:32","date_gmt":"2022-07-07T08:01:32","guid":{"rendered":"https:\/\/formularioak.eibar.eus\/?page_id=1625"},"modified":"2022-10-19T09:52:57","modified_gmt":"2022-10-19T07:52:57","slug":"reunionsbibliotheque2022_2023","status":"publish","type":"page","link":"https:\/\/formularioak.eibar.eus\/es\/reunionsbibliotheque2022_2023\/","title":{"rendered":"R\u00e9unions dans la biblioth\u00e8que (2022-2023): Prematr\u00edcula"},"content":{"rendered":"<p><\/p>","protected":false},"excerpt":{"rendered":"","protected":false},"author":4,"featured_media":0,"parent":0,"menu_order":0,"comment_status":"closed","ping_status":"closed","template":"","meta":{"ngg_post_thumbnail":0,"footnotes":""},"class_list":["post-1625","page","type-page","status-publish","hentry"],"_links":{"self":[{"href":"https:\/\/formularioak.eibar.eus\/es\/wp-json\/wp\/v2\/pages\/1625","targetHints":{"allow":["GET"]}}],"collection":[{"href":"https:\/\/formularioak.eibar.eus\/es\/wp-json\/wp\/v2\/pages"}],"about":[{"href":"https:\/\/formularioak.eibar.eus\/es\/wp-json\/wp\/v2\/types\/page"}],"author":[{"embeddable":true,"href":"https:\/\/formularioak.eibar.eus\/es\/wp-json\/wp\/v2\/users\/4"}],"replies":[{"embeddable":true,"href":"https:\/\/formularioak.eibar.eus\/es\/wp-json\/wp\/v2\/comments?post=1625"}],"version-history":[{"count":5,"href":"https:\/\/formularioak.eibar.eus\/es\/wp-json\/wp\/v2\/pages\/1625\/revisions"}],"predecessor-version":[{"id":1858,"href":"https:\/\/formularioak.eibar.eus\/es\/wp-json\/wp\/v2\/pages\/1625\/revisions\/1858"}],"wp:attachment":[{"href":"https:\/\/formularioak.eibar.eus\/es\/wp-json\/wp\/v2\/media?parent=1625"}],"curies":[{"name":"wp","href":"https:\/\/api.w.org\/{rel}","templated":true}]}}