{"id":5021,"date":"2025-09-19T13:06:51","date_gmt":"2025-09-19T11:06:51","guid":{"rendered":"https:\/\/formularioak.eibar.eus\/?page_id=5021"},"modified":"2025-09-19T13:12:11","modified_gmt":"2025-09-19T11:12:11","slug":"reunionsdanslabibliotheque2025-2026","status":"publish","type":"page","link":"https:\/\/formularioak.eibar.eus\/es\/reunionsdanslabibliotheque2025-2026\/","title":{"rendered":"R\u00e9unions dans la biblioth\u00e8que (2025-2026): Prematr\u00edcula"},"content":{"rendered":"<p>Aurretiko izen-ematea: irailaren 29ra arte (barne). \/ Plazo de preinscripci\u00f3n: hasta el 29 de septiembre (inclusive).<\/p>","protected":false},"excerpt":{"rendered":"<p>Aurretiko izen-ematea: irailaren 29ra arte (barne). \/ Plazo de preinscripci\u00f3n: hasta el 29 de septiembre (inclusive).<\/p>","protected":false},"author":4,"featured_media":0,"parent":0,"menu_order":0,"comment_status":"closed","ping_status":"closed","template":"","meta":{"ngg_post_thumbnail":0,"footnotes":""},"class_list":["post-5021","page","type-page","status-publish","hentry"],"_links":{"self":[{"href":"https:\/\/formularioak.eibar.eus\/es\/wp-json\/wp\/v2\/pages\/5021","targetHints":{"allow":["GET"]}}],"collection":[{"href":"https:\/\/formularioak.eibar.eus\/es\/wp-json\/wp\/v2\/pages"}],"about":[{"href":"https:\/\/formularioak.eibar.eus\/es\/wp-json\/wp\/v2\/types\/page"}],"author":[{"embeddable":true,"href":"https:\/\/formularioak.eibar.eus\/es\/wp-json\/wp\/v2\/users\/4"}],"replies":[{"embeddable":true,"href":"https:\/\/formularioak.eibar.eus\/es\/wp-json\/wp\/v2\/comments?post=5021"}],"version-history":[{"count":4,"href":"https:\/\/formularioak.eibar.eus\/es\/wp-json\/wp\/v2\/pages\/5021\/revisions"}],"predecessor-version":[{"id":5026,"href":"https:\/\/formularioak.eibar.eus\/es\/wp-json\/wp\/v2\/pages\/5021\/revisions\/5026"}],"wp:attachment":[{"href":"https:\/\/formularioak.eibar.eus\/es\/wp-json\/wp\/v2\/media?parent=5021"}],"curies":[{"name":"wp","href":"https:\/\/api.w.org\/{rel}","templated":true}]}}